{"id":20,"date":"2018-11-09T10:28:54","date_gmt":"2018-11-09T10:28:54","guid":{"rendered":"http:\/\/ospcedrywielkie.pl\/?page_id=20"},"modified":"2024-03-29T18:33:37","modified_gmt":"2024-03-29T18:33:37","slug":"kontakt","status":"publish","type":"page","link":"http:\/\/ospcedrywielkie.pl\/?page_id=20","title":{"rendered":"Kontakt"},"content":{"rendered":"<p style=\"text-align: center;\">Ochotnicza Stra\u017c Po\u017carna w Cedrach Wielkich<br \/>\nul. Osadnik\u00f3w Wojskowych 8<br \/>\n83-020 Cedry Wielkie<br \/>\nKRS: 0000439092 REGON: 221782477<br \/>\nNIP: 6040158532<\/p>\n<p style=\"text-align: center;\">Email:\u00a0 \u00a0kontakt@ospcedrywielkie.pl<\/p>\n<p style=\"text-align: center;\"><strong>Nr kontaktowy do Prezesa:\u00a0 696-767-075<\/strong><\/p>\n<p>Nr konta do wp\u0142at na cele statutowe:<\/p>\n<p>72 8335 0003 0200 4250 2000 0010, Bank Sp\u00f3\u0142dzielczy w Pruszczu Gda\u0144skim.<\/p>\n","protected":false},"excerpt":{"rendered":"<p>Ochotnicza Stra\u017c Po\u017carna w Cedrach Wielkich ul. Osadnik\u00f3w Wojskowych 8 83-020 Cedry Wielkie KRS: 0000439092 REGON: 221782477 NIP: 6040158532 Email:\u00a0 \u00a0kontakt@ospcedrywielkie.pl Nr kontaktowy do Prezesa:\u00a0 696-767-075 Nr konta do wp\u0142at na cele statutowe: 72 8335 0003 0200 4250 2000 0010, Bank Sp\u00f3\u0142dzielczy w Pruszczu Gda\u0144skim.<\/p>\n","protected":false},"author":1,"featured_media":0,"parent":0,"menu_order":0,"comment_status":"closed","ping_status":"closed","template":"","meta":{"footnotes":""},"class_list":["post-20","page","type-page","status-publish","hentry"],"_links":{"self":[{"href":"http:\/\/ospcedrywielkie.pl\/index.php?rest_route=\/wp\/v2\/pages\/20","targetHints":{"allow":["GET"]}}],"collection":[{"href":"http:\/\/ospcedrywielkie.pl\/index.php?rest_route=\/wp\/v2\/pages"}],"about":[{"href":"http:\/\/ospcedrywielkie.pl\/index.php?rest_route=\/wp\/v2\/types\/page"}],"author":[{"embeddable":true,"href":"http:\/\/ospcedrywielkie.pl\/index.php?rest_route=\/wp\/v2\/users\/1"}],"replies":[{"embeddable":true,"href":"http:\/\/ospcedrywielkie.pl\/index.php?rest_route=%2Fwp%2Fv2%2Fcomments&post=20"}],"version-history":[{"count":6,"href":"http:\/\/ospcedrywielkie.pl\/index.php?rest_route=\/wp\/v2\/pages\/20\/revisions"}],"predecessor-version":[{"id":1058,"href":"http:\/\/ospcedrywielkie.pl\/index.php?rest_route=\/wp\/v2\/pages\/20\/revisions\/1058"}],"wp:attachment":[{"href":"http:\/\/ospcedrywielkie.pl\/index.php?rest_route=%2Fwp%2Fv2%2Fmedia&parent=20"}],"curies":[{"name":"wp","href":"https:\/\/api.w.org\/{rel}","templated":true}]}}