{"id":247,"date":"2019-03-15T08:34:09","date_gmt":"2019-03-15T08:34:09","guid":{"rendered":"http:\/\/ospcedrywielkie.pl\/?page_id=247"},"modified":"2024-03-29T19:32:36","modified_gmt":"2024-03-29T19:32:36","slug":"zarzad-osp","status":"publish","type":"page","link":"http:\/\/ospcedrywielkie.pl\/?page_id=247","title":{"rendered":"Zarz\u0105d OSP"},"content":{"rendered":"<p>Zarz\u0105d OSP Cedry Wielkie:<\/p>\n<table>\n<tbody>\n<tr>\n<td width=\"302\"><strong>PREZES<\/strong><\/td>\n<td width=\"302\"><em>Przemys\u0142aw Paluch<\/em><\/td>\n<\/tr>\n<tr>\n<td width=\"302\"><strong>WICEPREZES<\/strong><\/td>\n<td width=\"302\"><em>Rafa\u0142 Ciurkowski<\/em><\/td>\n<\/tr>\n<tr>\n<td width=\"302\"><strong>NACZELNIK<\/strong><\/td>\n<td width=\"302\"><em>Kamil Wilk<\/em><\/td>\n<\/tr>\n<tr>\n<td width=\"302\"><strong>GOSPODARZ<\/strong><\/td>\n<td width=\"302\"><em>Marek Lema\u0144czyk<\/em><\/td>\n<\/tr>\n<tr>\n<td width=\"302\"><strong>SKARBNIK<\/strong><\/td>\n<td width=\"302\"><em>Marek Soko\u0142owski<\/em><\/td>\n<\/tr>\n<tr>\n<td width=\"302\"><strong>SEKRETARZ<\/strong><\/td>\n<td width=\"302\"><em>Anna Konikowska<\/em><\/td>\n<\/tr>\n<tr>\n<td width=\"302\"><strong>CZ\u0141ONEK ZARZ\u0104DU<\/strong><\/td>\n<td width=\"302\"><em>Artur Bernat<\/em><\/td>\n<\/tr>\n<\/tbody>\n<\/table>\n","protected":false},"excerpt":{"rendered":"<p>Zarz\u0105d OSP Cedry Wielkie: PREZES Przemys\u0142aw Paluch WICEPREZES Rafa\u0142 Ciurkowski NACZELNIK Kamil Wilk GOSPODARZ Marek Lema\u0144czyk SKARBNIK Marek Soko\u0142owski SEKRETARZ Anna Konikowska CZ\u0141ONEK ZARZ\u0104DU Artur Bernat<\/p>\n","protected":false},"author":1,"featured_media":0,"parent":0,"menu_order":0,"comment_status":"closed","ping_status":"closed","template":"","meta":{"footnotes":""},"class_list":["post-247","page","type-page","status-publish","hentry"],"_links":{"self":[{"href":"http:\/\/ospcedrywielkie.pl\/index.php?rest_route=\/wp\/v2\/pages\/247","targetHints":{"allow":["GET"]}}],"collection":[{"href":"http:\/\/ospcedrywielkie.pl\/index.php?rest_route=\/wp\/v2\/pages"}],"about":[{"href":"http:\/\/ospcedrywielkie.pl\/index.php?rest_route=\/wp\/v2\/types\/page"}],"author":[{"embeddable":true,"href":"http:\/\/ospcedrywielkie.pl\/index.php?rest_route=\/wp\/v2\/users\/1"}],"replies":[{"embeddable":true,"href":"http:\/\/ospcedrywielkie.pl\/index.php?rest_route=%2Fwp%2Fv2%2Fcomments&post=247"}],"version-history":[{"count":6,"href":"http:\/\/ospcedrywielkie.pl\/index.php?rest_route=\/wp\/v2\/pages\/247\/revisions"}],"predecessor-version":[{"id":1059,"href":"http:\/\/ospcedrywielkie.pl\/index.php?rest_route=\/wp\/v2\/pages\/247\/revisions\/1059"}],"wp:attachment":[{"href":"http:\/\/ospcedrywielkie.pl\/index.php?rest_route=%2Fwp%2Fv2%2Fmedia&parent=247"}],"curies":[{"name":"wp","href":"https:\/\/api.w.org\/{rel}","templated":true}]}}