{"id":32,"date":"2018-11-09T10:35:40","date_gmt":"2018-11-09T10:35:40","guid":{"rendered":"http:\/\/ospcedrywielkie.pl\/?page_id=32"},"modified":"2019-01-30T14:38:58","modified_gmt":"2019-01-30T14:38:58","slug":"o-nas","status":"publish","type":"page","link":"http:\/\/ospcedrywielkie.pl\/?page_id=32","title":{"rendered":"O nas"},"content":{"rendered":"<p style=\"text-align: justify;\">Jednostka Ochotniczej Stra\u017cy Po\u017carnej w Cedrach Wielkich powsta\u0142a w roku 1959. Pierwszym prezesem zosta\u0142 Miko\u0142aj Zi\u0119ba, a naczelnikiem Tadeusz Wawer.<\/p>\n<p style=\"text-align: justify;\">Obecnie liczy\u00a023 cz\u0142onk\u00f3w. Prezesem Zarz\u0105du jest Przemys\u0142aw Paluch, Wice-prezesem Naczelnikiem &#8211; \u00a0Rafa\u0142 Ciurkowski, a \u00a0Gospodarzem Patryk Karczewski. Nasza jednostka mie\u015bci si\u0119 w remizie, przy ul. Osadnik\u00f3w Wojskowych 8 w Cedrach Wielkich.<\/p>\n<p>Jednostka OSP Cedry Wielkie w ci\u0105gu roku uczestniczy \u015brednio w ponad 100 akcjach ratowniczo &#8211; ga\u015bniczych. Jeste\u015bmy zaanga\u017cowani nie tylko w te dzia\u0142ania, ale wspieramy r\u00f3wnie\u017c liczne akcje spo\u0142eczne, m.in: warsztaty szkoleniowe dla dzieci, Dni Otwarte remizy, udzia\u0142 w gminnych uroczysto\u015bciach.<\/p>\n<p>W naszej jednostce prowadzona jest r\u00f3wnie\u017c M\u0142odzie\u017cowa Dru\u017cyna Po\u017carnicza. Nasi cz\u0142onkowie bior\u0105 \u00a0aktywny udzia\u0142 w zawodach po\u017carniczych oraz stale podnosz\u0105 swoje kwalifikacje podczas kurs\u00f3w i szkole\u0144.<\/p>\n<p>Nasza dzia\u0142alno\u015b\u0107 to s\u0142u\u017cba dla dobra spo\u0142ecze\u0144stwa, do\u0142\u0105cz do nas by razem tworzy\u0107 bezpieczn\u0105 przysz\u0142o\u015b\u0107!<\/p>\n","protected":false},"excerpt":{"rendered":"<p>Jednostka Ochotniczej Stra\u017cy Po\u017carnej w Cedrach Wielkich powsta\u0142a w roku 1959. Pierwszym prezesem zosta\u0142 Miko\u0142aj Zi\u0119ba, a naczelnikiem Tadeusz Wawer. Obecnie liczy\u00a023 cz\u0142onk\u00f3w. Prezesem Zarz\u0105du jest Przemys\u0142aw Paluch, Wice-prezesem Naczelnikiem &#8211; \u00a0Rafa\u0142 Ciurkowski, a \u00a0Gospodarzem Patryk Karczewski. Nasza jednostka mie\u015bci si\u0119 w remizie, przy ul. Osadnik\u00f3w Wojskowych 8 w Cedrach Wielkich. Jednostka OSP Cedry Wielkie &hellip; <\/p>\n<p class=\"link-more\"><a href=\"http:\/\/ospcedrywielkie.pl\/?page_id=32\" class=\"more-link\">Czytaj dalej<span class=\"screen-reader-text\"> \u201eO nas\u201d<\/span><\/a><\/p>\n","protected":false},"author":1,"featured_media":0,"parent":0,"menu_order":0,"comment_status":"closed","ping_status":"closed","template":"","meta":{"footnotes":""},"class_list":["post-32","page","type-page","status-publish","hentry"],"_links":{"self":[{"href":"http:\/\/ospcedrywielkie.pl\/index.php?rest_route=\/wp\/v2\/pages\/32","targetHints":{"allow":["GET"]}}],"collection":[{"href":"http:\/\/ospcedrywielkie.pl\/index.php?rest_route=\/wp\/v2\/pages"}],"about":[{"href":"http:\/\/ospcedrywielkie.pl\/index.php?rest_route=\/wp\/v2\/types\/page"}],"author":[{"embeddable":true,"href":"http:\/\/ospcedrywielkie.pl\/index.php?rest_route=\/wp\/v2\/users\/1"}],"replies":[{"embeddable":true,"href":"http:\/\/ospcedrywielkie.pl\/index.php?rest_route=%2Fwp%2Fv2%2Fcomments&post=32"}],"version-history":[{"count":6,"href":"http:\/\/ospcedrywielkie.pl\/index.php?rest_route=\/wp\/v2\/pages\/32\/revisions"}],"predecessor-version":[{"id":216,"href":"http:\/\/ospcedrywielkie.pl\/index.php?rest_route=\/wp\/v2\/pages\/32\/revisions\/216"}],"wp:attachment":[{"href":"http:\/\/ospcedrywielkie.pl\/index.php?rest_route=%2Fwp%2Fv2%2Fmedia&parent=32"}],"curies":[{"name":"wp","href":"https:\/\/api.w.org\/{rel}","templated":true}]}}